{"id":269,"date":"2017-05-29T12:20:14","date_gmt":"2017-05-29T12:20:14","guid":{"rendered":"https:\/\/webfire.pl\/?page_id=269"},"modified":"2025-10-31T13:55:52","modified_gmt":"2025-10-31T12:55:52","slug":"strony-www","status":"publish","type":"page","link":"http:\/\/webfire.pl\/index.php\/strony-www\/","title":{"rendered":"Strony www"},"content":{"rendered":"<h2>Tworzenie stron internetowych<\/h2>\n<p><strong>Tworzenie stron internetowych<\/strong> dla laika wydaje si\u0119 zadaniem bardzo skomplikowanym. Pisanie, ale tak\u017ce rozumienie kodu nawet ludziom po studiach informatycznych mo\u017ce sprawia\u0107 trudno\u015b\u0107. Ponadto, jest wiele j\u0119zyk\u00f3w programowania, kt\u00f3re s\u0142u\u017c\u0105 do tworzenia interaktywnych, nowoczesnych i przyjaznych dla u\u017cytkownika, na kt\u00f3rych coraz cz\u0119\u015bciej mo\u017cna nie tylko znale\u017a\u0107 interesuj\u0105ce nas informacje, ale tak\u017ce zleci\u0107 wykonanie dowolnych us\u0142ug.<\/p>\n<p>Profesjonalna strona internetowa, dostosowana do indywidualnych potrzeb firmy oraz jej klient\u00f3w, stworzona mo\u017ce by\u0107 tylko i wy\u0142\u0105cznie przez osoby, kt\u00f3re posiadaj\u0105 ju\u017c do\u015bwiadczenie w tej bran\u017cy.<\/p>\n<p>To w\u0142a\u015bnie spod r\u0119ki fachowc\u00f3w wychodz\u0105 nowe, interaktywne i wyr\u00f3\u017cniaj\u0105ce Twoj\u0105 firm\u0119 strony. I tylko profesjonali\u015bci logistycznie b\u0119d\u0105 mogli zaprojektowa\u0107 stron\u0119 w taki spos\u00f3b, \u017ceby odpowiada\u0142a wszystkim potrzebom. Twoich klient\u00f3w i jednocze\u015bnie gwarantowa\u0142a \u0142atwo\u015b\u0107 w korzystaniu z niej. Obs\u0142ugujemy miasta: Lublin, Warszawa, \u0141\u00f3d\u017a <strong>Tworzenie stron internetowych<\/strong> jest zadaniem kreatywnym, wymagaj\u0105cym du\u017cych umiej\u0119tno\u015bci w zarz\u0105dzaniu i znajomo\u015bci obecnych potrzeb u\u017cytkownik\u00f3w sieci.<strong>\u00a0<\/strong>Na tym opiera si\u0119 ca\u0142y sukces. Im oryginalniejsza strona \u2013 tym bardziej b\u0119dzie si\u0119 wyr\u00f3\u017cnia\u0107, im wi\u0119ksza wygoda \u2013 tym wi\u0119cej u\u017cytkownik\u00f3w b\u0119dzie z niej korzysta\u0107, a tym samym z Twojej firmy.<\/p>\n<h2>Dzisiaj wszystko opiera si\u0119 na po\u0142\u0105czeniu z Internetem.<\/h2>\n<p>Coraz wi\u0119cej sklep\u00f3w przenosi swoj\u0105 dzia\u0142alno\u015b\u0107 do Internetu, poniewa\u017c kiedy jeste\u015b dobrze widoczny w sieci \u2013 Tw\u00f3j biznes po prostu kwitnie, a z Twoich us\u0142ug lub produkt\u00f3w korzysta\u0107 mog\u0105 klienci z ca\u0142ego \u015bwiata \u2013 st\u0105d posiadanie unikalnej strony jest takie wa\u017cne. Obs\u0142ugujemy miasta: Lublin, Warszawa, \u0141\u00f3d\u017a. Faktem jest, \u017ce stworzy\u0107 stron\u0119 internetow\u0105 mo\u017cna r\u00f3wnie\u017c samemu, poniewa\u017c istniej\u0105 i takie narz\u0119dzia, kt\u00f3re pozwol\u0105 nam skorzysta\u0107 z gotowych ju\u017c szablon\u00f3w i wprowadzi\u0107 w\u0142asn\u0105 tre\u015b\u0107, jednak\u017ce \u2013 w chwili, w kt\u00f3rej zmienimy na w\u0142asn\u0105 r\u0119k\u0119 co\u015b, czego zmienia\u0107 nie powinni\u015bmy, a o czym nie wiedzieli\u015bmy, mo\u017cemy spowodowa\u0107 przez przypadek problemy w funkcjonowaniu takiej strony w wirtualnej rzeczywisto\u015bci \u2013 dlatego te\u017c <strong><a href=\"https:\/\/webfire.pl\/strony-www\/\">projektowanie i tworzenie stron<\/a> powinni\u015bmy zostawi\u0107 specjalistom<\/strong>, kt\u00f3rzy mog\u0105 w ka\u017cdej chwili zrozumie\u0107 i dostosowa\u0107 do Twoich potrzeb kod \u017ar\u00f3d\u0142owy w spos\u00f3b, w jaki oczekujesz.<\/p>\n","protected":false},"excerpt":{"rendered":"<p>Tworzenie stron internetowych Tworzenie stron internetowych dla laika wydaje si\u0119 zadaniem bardzo skomplikowanym. Pisanie, ale tak\u017ce rozumienie kodu nawet ludziom po studiach informatycznych mo\u017ce sprawia\u0107 trudno\u015b\u0107. Ponadto, jest wiele j\u0119zyk\u00f3w programowania, kt\u00f3re s\u0142u\u017c\u0105 do tworzenia interaktywnych, nowoczesnych i przyjaznych dla u\u017cytkownika, na kt\u00f3rych coraz cz\u0119\u015bciej mo\u017cna nie tylko znale\u017a\u0107 interesuj\u0105ce nas informacje, ale tak\u017ce zleci\u0107 [&hellip;]<\/p>\n","protected":false},"author":2,"featured_media":0,"parent":0,"menu_order":0,"comment_status":"closed","ping_status":"closed","template":"page-with-title","meta":{"footnotes":""},"class_list":["post-269","page","type-page","status-publish","hentry"],"_links":{"self":[{"href":"http:\/\/webfire.pl\/index.php\/wp-json\/wp\/v2\/pages\/269","targetHints":{"allow":["GET"]}}],"collection":[{"href":"http:\/\/webfire.pl\/index.php\/wp-json\/wp\/v2\/pages"}],"about":[{"href":"http:\/\/webfire.pl\/index.php\/wp-json\/wp\/v2\/types\/page"}],"author":[{"embeddable":true,"href":"http:\/\/webfire.pl\/index.php\/wp-json\/wp\/v2\/users\/2"}],"replies":[{"embeddable":true,"href":"http:\/\/webfire.pl\/index.php\/wp-json\/wp\/v2\/comments?post=269"}],"version-history":[{"count":1,"href":"http:\/\/webfire.pl\/index.php\/wp-json\/wp\/v2\/pages\/269\/revisions"}],"predecessor-version":[{"id":492,"href":"http:\/\/webfire.pl\/index.php\/wp-json\/wp\/v2\/pages\/269\/revisions\/492"}],"wp:attachment":[{"href":"http:\/\/webfire.pl\/index.php\/wp-json\/wp\/v2\/media?parent=269"}],"curies":[{"name":"wp","href":"https:\/\/api.w.org\/{rel}","templated":true}]}}