{"id":266,"date":"2017-05-29T12:19:24","date_gmt":"2017-05-29T12:19:24","guid":{"rendered":"https:\/\/webfire.pl\/?page_id=266"},"modified":"2025-10-31T13:55:52","modified_gmt":"2025-10-31T12:55:52","slug":"pozycjonowanie","status":"publish","type":"page","link":"https:\/\/webfire.pl\/index.php\/pozycjonowanie\/","title":{"rendered":"Pozycjonowanie"},"content":{"rendered":"<h2>Pozycjonowanie &#8211; co to jest?<\/h2>\n<p><strong>Pozycjonowanie<\/strong> jest umieszczaniem s\u0142\u00f3w kluczowych dotycz\u0105cych Twojej firmy, produkt\u00f3w, us\u0142ug w Internecie w taki spos\u00f3b, by by\u0142y \u0142atwo i skutecznie odczytywane i wybierane przez silniki wyszukiwarek internetowych. Ka\u017cda wyszukiwarka internetowa posiada swoje algorytmy, na podstawie kt\u00f3rych por\u00f3wnuje wpisane przez u\u017cytkownika has\u0142o lub fraz\u0119 z tekstem, kt\u00f3ry znajduje si\u0119 na Twojej stronie, jest powi\u0105zany z opisem Twoich produkt\u00f3w lub us\u0142ug b\u0105d\u017a jest linkiem referencyjnym do Twojej strony, a tak\u017ce liczb\u0105 ods\u0142on strony. Im wi\u0119cej skojarze\u0144, tym lepiej dla Twojej strony internetowej, kt\u00f3ra zostanie wypozycjonowana wy\u017cej ni\u017c wyniki Twojej konkurencji, co skutecznie przyczyni si\u0119 do wyr\u00f3\u017cnienia w\u0142a\u015bnie Twojej firmy na rynku. Poniewa\u017c ka\u017cda firma stara <a href=\"https:\/\/webfire.pl\/pozycjonowanie\/\">pozycjonowa\u0107<\/a> swoj\u0105 stron\u0119 jak najwy\u017cej czynno\u015bci te powinny by\u0107 regularnie powtarzane. Niezb\u0119dn\u0105 rol\u0119 stanowi\u0105 tutaj odpowiednio skonstruowane<strong> teksty SEO<\/strong> \u2013 zawieraj\u0105ce odpowiednie s\u0142owa i frazy w okre\u015blonych miejscach danego tekstu.<\/p>\n<h2>Pozycjonowanie stron \u2013 dlaczego jest dla Twojego biznesu takie wa\u017cne?<\/h2>\n<p><strong>Po pierwsze:<\/strong> pozycjonowanie sprawia, \u017ce jeste\u015b dobrze widoczny w Internecie.<br \/>\n<strong>Po drugie:<\/strong> Udowodniono, \u017ce najwi\u0119cej zarabiaj\u0105 te firmy, kt\u00f3re znajduj\u0105 si\u0119 na pierwszych trzech miejscach w wynikach najpopularniejszych wyszukiwarek. Klienci najcz\u0119\u015bciej korzystaj\u0105 z us\u0142ug tych firm, kt\u00f3rych strony internetowe s\u0105 wysoko wypozycjonowane w wynikach na przyk\u0142ad wyszukiwarki Google.<br \/>\n<strong>Po trzecie:<\/strong> w\u0142a\u015bciwe pozycjonowanie pozwala Twoim obecnym i przysz\u0142ym klientom znale\u017a\u0107 Twoje us\u0142ugi, kt\u00f3re \u015bwiadczysz, a tym samym i Twoj\u0105 firm\u0119.<br \/>\n<strong>Po czwarte:<\/strong> umieszczenie na pierwszej stronie w wynikach popularnych wyszukiwarek pozwala Twoim nowym klientom zapozna\u0107 si\u0119 z Twoj\u0105 bran\u017c\u0105 i zaistnie\u0107 na rynku.<br \/>\n<strong>Po pi\u0105te:<\/strong> pozycjonowanie to proces, kt\u00f3ry \u2013 by przyczyni\u0107 si\u0119 do sukcesu Twojej firmy i satysfakcjonuj\u0105cego poziomu Twoich zarobk\u00f3w \u2013 powinien by\u0107 aktualizowany.<br \/>\nNajwi\u0119ksze sklepy internetowe s\u0105 doskonale wypozycjonowane. Ich w\u0142a\u015bciciele rozumiej\u0105, jak bardzo wa\u017cne i istotne jest pozycjonowanie dla biznesu. I maj\u0105 racj\u0119. Obs\u0142ugujemy miasta: Lublin, Warszawa, \u0141\u00f3d\u017a<\/p>\n","protected":false},"excerpt":{"rendered":"<p>Pozycjonowanie &#8211; co to jest? Pozycjonowanie jest umieszczaniem s\u0142\u00f3w kluczowych dotycz\u0105cych Twojej firmy, produkt\u00f3w, us\u0142ug w Internecie w taki spos\u00f3b, by by\u0142y \u0142atwo i skutecznie odczytywane i wybierane przez silniki wyszukiwarek internetowych. Ka\u017cda wyszukiwarka internetowa posiada swoje algorytmy, na podstawie kt\u00f3rych por\u00f3wnuje wpisane przez u\u017cytkownika has\u0142o lub fraz\u0119 z tekstem, kt\u00f3ry znajduje si\u0119 na Twojej [&hellip;]<\/p>\n","protected":false},"author":2,"featured_media":0,"parent":0,"menu_order":0,"comment_status":"closed","ping_status":"closed","template":"page-with-title","meta":{"footnotes":""},"class_list":["post-266","page","type-page","status-publish","hentry"],"_links":{"self":[{"href":"https:\/\/webfire.pl\/index.php\/wp-json\/wp\/v2\/pages\/266","targetHints":{"allow":["GET"]}}],"collection":[{"href":"https:\/\/webfire.pl\/index.php\/wp-json\/wp\/v2\/pages"}],"about":[{"href":"https:\/\/webfire.pl\/index.php\/wp-json\/wp\/v2\/types\/page"}],"author":[{"embeddable":true,"href":"https:\/\/webfire.pl\/index.php\/wp-json\/wp\/v2\/users\/2"}],"replies":[{"embeddable":true,"href":"https:\/\/webfire.pl\/index.php\/wp-json\/wp\/v2\/comments?post=266"}],"version-history":[{"count":1,"href":"https:\/\/webfire.pl\/index.php\/wp-json\/wp\/v2\/pages\/266\/revisions"}],"predecessor-version":[{"id":488,"href":"https:\/\/webfire.pl\/index.php\/wp-json\/wp\/v2\/pages\/266\/revisions\/488"}],"wp:attachment":[{"href":"https:\/\/webfire.pl\/index.php\/wp-json\/wp\/v2\/media?parent=266"}],"curies":[{"name":"wp","href":"https:\/\/api.w.org\/{rel}","templated":true}]}}