{"id":483,"date":"2017-07-12T08:51:12","date_gmt":"2017-07-12T08:51:12","guid":{"rendered":"https:\/\/webfire.pl\/?page_id=483"},"modified":"2025-10-31T13:55:52","modified_gmt":"2025-10-31T12:55:52","slug":"polityka-prywatnosci-2","status":"publish","type":"page","link":"https:\/\/webfire.pl\/index.php\/polityka-prywatnosci-2\/","title":{"rendered":"Polityka prywatno\u015bci"},"content":{"rendered":"<p>Polityka prywatno\u015bci dla strony https:\/\/webfire.pl\/<\/p>\n<p>Niniejsza witryna korzysta z plik\u00f3w cookies, zwanych ciasteczkami, kt\u00f3re umo\u017cliwiaj\u0105 pobieranie danych odwiedzaj\u0105cych ow\u0105 stron\u0119 u\u017cytkownik\u00f3w. Pliki cookies nie identyfikuj\u0105 go\u015bci witryny fotografia-produktowa.net. Ciasteczka umo\u017cliwiaj\u0105 inwigilacj\u0119 statystyk anonimowych odbiorc\u00f3w, kt\u00f3rzy przegl\u0105daj\u0105 witryn\u0119. Dzi\u0119ki tym informacjom mo\u017cliwe jest dostosowanie strony do potrzeb u\u017cytkownik\u00f3w oraz poprawa funkcjonalno\u015bci ca\u0142ego serwisu. W przypadku niewyra\u017cania zgody na przetwarzanie danych, prosimy niezw\u0142ocznie opu\u015bci\u0107 stron\u0119 webfire.pl\/ \u00a0b\u0105d\u017a zmieni\u0107 ustawienia w opcjach przegl\u0105darki, co zablokuje wykonywanie niekt\u00f3rych czynno\u015bci w witrynie webfire.pl\/<\/p>\n<p>Bezpiecze\u0144stwo<\/p>\n<p>Serwis webfire.pl\/ w \u017cadnym wypadku nie udost\u0119pnia danych osobowych podmiotom nieupowa\u017cnionym. Nale\u017cy jednak podkre\u015bli\u0107, \u017ce zawsze istnieje ryzyko przechwycenia takich informacji przez osoby trzecie, co jest niezale\u017cne od administrator\u00f3w witryn. Ze swojej strony mo\u017cemy zagwarantowa\u0107, \u017ce dok\u0142adamy wszelkich stara\u0144, aby zminimalizowa\u0107 ryzyko bezprawnego przej\u0119cia danych osobowych i ich wykorzystywania.<\/p>\n","protected":false},"excerpt":{"rendered":"<p>Polityka prywatno\u015bci dla strony https:\/\/webfire.pl\/ Niniejsza witryna korzysta z plik\u00f3w cookies, zwanych ciasteczkami, kt\u00f3re umo\u017cliwiaj\u0105 pobieranie danych odwiedzaj\u0105cych ow\u0105 stron\u0119 u\u017cytkownik\u00f3w. Pliki cookies nie identyfikuj\u0105 go\u015bci witryny fotografia-produktowa.net. Ciasteczka umo\u017cliwiaj\u0105 inwigilacj\u0119 statystyk anonimowych odbiorc\u00f3w, kt\u00f3rzy przegl\u0105daj\u0105 witryn\u0119. Dzi\u0119ki tym informacjom mo\u017cliwe jest dostosowanie strony do potrzeb u\u017cytkownik\u00f3w oraz poprawa funkcjonalno\u015bci ca\u0142ego serwisu. W przypadku niewyra\u017cania [&hellip;]<\/p>\n","protected":false},"author":2,"featured_media":0,"parent":0,"menu_order":0,"comment_status":"closed","ping_status":"closed","template":"page-with-title","meta":{"footnotes":""},"class_list":["post-483","page","type-page","status-publish","hentry"],"_links":{"self":[{"href":"https:\/\/webfire.pl\/index.php\/wp-json\/wp\/v2\/pages\/483","targetHints":{"allow":["GET"]}}],"collection":[{"href":"https:\/\/webfire.pl\/index.php\/wp-json\/wp\/v2\/pages"}],"about":[{"href":"https:\/\/webfire.pl\/index.php\/wp-json\/wp\/v2\/types\/page"}],"author":[{"embeddable":true,"href":"https:\/\/webfire.pl\/index.php\/wp-json\/wp\/v2\/users\/2"}],"replies":[{"embeddable":true,"href":"https:\/\/webfire.pl\/index.php\/wp-json\/wp\/v2\/comments?post=483"}],"version-history":[{"count":1,"href":"https:\/\/webfire.pl\/index.php\/wp-json\/wp\/v2\/pages\/483\/revisions"}],"predecessor-version":[{"id":495,"href":"https:\/\/webfire.pl\/index.php\/wp-json\/wp\/v2\/pages\/483\/revisions\/495"}],"wp:attachment":[{"href":"https:\/\/webfire.pl\/index.php\/wp-json\/wp\/v2\/media?parent=483"}],"curies":[{"name":"wp","href":"https:\/\/api.w.org\/{rel}","templated":true}]}}