{"id":9,"date":"2016-03-07T09:38:39","date_gmt":"2016-03-07T09:38:39","guid":{"rendered":"http:\/\/demos.artbees.net\/jupiter5\/epulo\/?page_id=5"},"modified":"2025-10-31T14:19:38","modified_gmt":"2025-10-31T13:19:38","slug":"webfire","status":"publish","type":"page","link":"https:\/\/webfire.pl\/","title":{"rendered":"Webfire"},"content":{"rendered":"<h1>Pozycjonowanie. Strony www<span style=\"color: #ef5142;\">.<\/span><\/h1>\n<p style=\"font-size: 18px;\">Tworzymy i pozycjonujemy strony internetowe. Potrzebujesz pomocy? Skontaktuj si\u0119 z nami.<\/p>\n<h2>Pozycjonowanie<\/h2>\n<p>Pozycjonowanie to w dzisiejszych czasach praktyka niezb\u0119dna, aby przedsi\u0119biorstwo pozyska\u0142o niezb\u0119dnych klient\u00f3w. Na czym polega ten proces? M\u00f3wi\u0105c og\u00f3lnie, s\u0105 to wszelkie \u015brodki maj\u0105ce na celu zapewnienie stronie firmy jak najwy\u017csz\u0105 pozycj\u0119 na li\u015bcie wynik\u00f3w wyszukiwarki, co bezpo\u015brednio wp\u0142ywa na jej wypromowanie. Najcz\u0119\u015bciej pozycjonuje si\u0119 strony firmowe, sklepy internetowe i blogi.<\/p>\n<p>Optymalizacja strony www. Podstaw\u0105 do osi\u0105gni\u0119cia zamierzonych efekt\u00f3w jest optymalizacja strony. Poddawane s\u0105 jej wszelkie elementy, od kodu, przez grafik\u0119 i tre\u015b\u0107, po g\u0142\u00f3wne has\u0142a. Analiza s\u0142\u00f3w kluczowych. Analiza s\u0142\u00f3w kluczowych zale\u017cy od ich konkurencyjno\u015bci i bran\u017cy z jak\u0105 s\u0105 zwi\u0105zane. Istnieje wiele zabieg\u00f3w kt\u00f3re pomagaj\u0105 w najbardziej skuteczny spos\u00f3b umie\u015bci\u0107 wybrane frazy w tre\u015b\u0107. Tajniki skutecznego pozycjonowania nigdy nie zostan\u0105 poznane w 100%, jednak takie czynniki jak prawid\u0142owa ilo\u015b\u0107 tre\u015bci i s\u0142\u00f3w kluczowych na stronie, a tak\u017ce jej jako\u015b\u0107 i udzielanie si\u0119 na portalach spo\u0142eczno\u015bciowych z pewno\u015bci\u0105 pomog\u0105 w osi\u0105gni\u0119ciu sukcesu. Korzy\u015bci, jakie przynosi <a href=\"https:\/\/webfire.pl\/pozycjonowanie\/\">pozycjonowanie stron<\/a> s\u0105 ogromne. Budowana jest reputacja marki, stale poszerza si\u0119 grono klient\u00f3w, a co za tym idzie &#8211; firmie zwi\u0119ksza si\u0119 kapita\u0142. Oczywi\u015bcie efekty nie s\u0105 natychmiastowe, lecz ju\u017c najlepsze wyniki pojawi\u0107 si\u0119 mog\u0105 po kilku tygodniach.<\/p>\n<p>Tworzenie stron internetowych to nowy rodzaj sztuki XXI wieku. Wsp\u00f3\u0142czesne przedsi\u0119biorstwa nie mog\u0105 pozwoli\u0107 sobie na brak swojej strony w globalnej sieci internet, gdy\u017c w ten spos\u00f3b ograniczaj\u0105 sw\u00f3j rozw\u00f3j i pozyskiwanie nowych klient\u00f3w. Strony www mog\u0105 przybiera\u0107 posta\u0107 informacyjn\u0105 lub mog\u0105 przekszta\u0142ci\u0107 si\u0119 w wirtualny pasa\u017c handlowy, co pozwala na sprzeda\u017c bez granic. Nie ka\u017cda taka witryna odpowiada pewnym trendom &#8211; dobre <a href=\"https:\/\/webfire.pl\/strony-www\/\">strony www<\/a>\u00a0s\u0105 czytelne, znakomicie komunikuj\u0105 si\u0119 z technologiami mobilnymi, a ponadto nie s\u0105 skomplikowane w obs\u0142udze.<\/p>\n<p>Najnowsze realizacje:<\/p>\n<p><a href=\"https:\/\/aid.lublin.pl\">https:\/\/aid.lublin.pl<\/a><\/p>\n<p><a href=\"https:\/\/astore.pl\">https:\/\/astore.pl<\/a><\/p>\n<p><a href=\"https:\/\/krzewyozdobne.net\">https:\/\/krzewyozdobne.net<\/a><\/p>\n<p><a href=\"http:\/\/tujaszmaragd.pl\">http:\/\/tujaszmaragd.pl<\/a><\/p>\n<p>Tworzenie stron www najlepiej jest powierzy\u0107 profesjonalistom, kt\u00f3rzy w zale\u017cno\u015bci od jej rangi i przeznaczenia opracuj\u0105 j\u0105 w szybkim czasie, z koncentracj\u0105 na najmniejszych detalach. Sama strona www to nie wszystko &#8211; trzeba pomy\u015ble\u0107 o wyborze domeny, kt\u00f3ra najbardziej odpowiada tematyce witryny. Dodatkowo konieczne b\u0119dzie pozycjonowanie, dzi\u0119ki kt\u00f3remu strona www znajdzie si\u0119 w czo\u0142\u00f3wkach wyszukiwarek internetowych, co zapewni jej nap\u0142yw nowych unikalnych u\u017cytkownik\u00f3w lub klient\u00f3w.<\/p>\n<p>Potrzebujesz strony internetowej? Napisz do nas. Nie wysy\u0142amy spamu. Odpowiadamy na ka\u017cde pytania.<\/p>\n","protected":false},"excerpt":{"rendered":"<p>Pozycjonowanie. Strony www. Tworzymy i pozycjonujemy strony internetowe. Potrzebujesz pomocy? Skontaktuj si\u0119 z nami. Pozycjonowanie Pozycjonowanie to w dzisiejszych czasach praktyka niezb\u0119dna, aby przedsi\u0119biorstwo pozyska\u0142o niezb\u0119dnych klient\u00f3w. Na czym polega ten proces? M\u00f3wi\u0105c og\u00f3lnie, s\u0105 to wszelkie \u015brodki maj\u0105ce na celu zapewnienie stronie firmy jak najwy\u017csz\u0105 pozycj\u0119 na li\u015bcie wynik\u00f3w wyszukiwarki, co bezpo\u015brednio wp\u0142ywa na [&hellip;]<\/p>\n","protected":false},"author":2,"featured_media":0,"parent":0,"menu_order":0,"comment_status":"closed","ping_status":"closed","template":"page-with-title","meta":{"footnotes":""},"class_list":["post-9","page","type-page","status-publish","hentry"],"_links":{"self":[{"href":"https:\/\/webfire.pl\/index.php\/wp-json\/wp\/v2\/pages\/9","targetHints":{"allow":["GET"]}}],"collection":[{"href":"https:\/\/webfire.pl\/index.php\/wp-json\/wp\/v2\/pages"}],"about":[{"href":"https:\/\/webfire.pl\/index.php\/wp-json\/wp\/v2\/types\/page"}],"author":[{"embeddable":true,"href":"https:\/\/webfire.pl\/index.php\/wp-json\/wp\/v2\/users\/2"}],"replies":[{"embeddable":true,"href":"https:\/\/webfire.pl\/index.php\/wp-json\/wp\/v2\/comments?post=9"}],"version-history":[{"count":4,"href":"https:\/\/webfire.pl\/index.php\/wp-json\/wp\/v2\/pages\/9\/revisions"}],"predecessor-version":[{"id":498,"href":"https:\/\/webfire.pl\/index.php\/wp-json\/wp\/v2\/pages\/9\/revisions\/498"}],"wp:attachment":[{"href":"https:\/\/webfire.pl\/index.php\/wp-json\/wp\/v2\/media?parent=9"}],"curies":[{"name":"wp","href":"https:\/\/api.w.org\/{rel}","templated":true}]}}